{"id":2222,"date":"2024-04-25T16:36:07","date_gmt":"2024-04-25T07:36:07","guid":{"rendered":"https:\/\/www.takahashi-rs.com\/?page_id=2222"},"modified":"2025-10-03T09:33:26","modified_gmt":"2025-10-03T00:33:26","slug":"%e3%81%8a%e5%95%8f%e3%81%84%e5%90%88%e3%82%8f%e3%81%9b","status":"publish","type":"page","link":"https:\/\/www.takahashi-rs.com\/?page_id=2222","title":{"rendered":"\u304a\u554f\u3044\u5408\u308f\u305b"},"content":{"rendered":"\n<p class=\"has-text-align-center\">\u3000\u304a\u554f\u3044\u5408\u308f\u305b\u30e1\u30fc\u30eb\u5230\u7740\u5f8c\u300124\u6642\u9593\u4ee5\u5185\u306e\u56de\u7b54\u3092\u5fc3\u639b\u3051\u3066\u304a\u308a\u307e\u3059\u304c\u3001\u5b9a\u4f11\u65e5\u7b49\u3092\u631f\u3093\u3060\u5834\u5408\u3001\u56de\u7b54\u304c\u9045\u304f\u306a\u308b\u53ef\u80fd\u6027\u304c\u3042\u308b\u4e8b\u3092\u3054\u4e86\u627f\u304f\u3060\u3055\u3044\u3002<br>\u3000\u9001\u4fe1\u5f8c\u3001\u3054\u8a18\u5165\u3044\u305f\u3060\u3044\u305f\u30e1\u30fc\u30eb\u30a2\u30c9\u30ec\u30b9\u306b\u78ba\u8a8d\u30e1\u30fc\u30eb\u304c\u9001\u4fe1\u3055\u308c\u307e\u3059\u306e\u3067\u3001\u66ab\u304f\u7d4c\u3063\u3066\u3082\u5c4a\u304b\u306a\u3044\u5834\u5408\u306f\u3001\u304a\u624b\u6570\u3067\u3059\u304c\u518d\u5ea6\u9001\u4fe1\u9858\u3044\u307e\u3059\u3002<br><strong><mark style=\"background-color:rgba(0, 0, 0, 0)\" class=\"has-inline-color has-red-color\">\u203b\u5fc5\u9808\u9805\u76ee\u3078\u306e\u30c1\u30a7\u30c3\u30af\u30fb\u8a18\u5165\u304c\u306a\u3044\u5834\u5408\u3001\u6b63\u5e38\u306b\u9001\u4fe1\u3055\u308c\u307e\u305b\u3093\u3002<\/mark><\/strong><\/p>\n\n\n\n<p class=\"has-text-align-center\">\u3010\u91cd\u8981\u3011\u5f53\u304a\u554f\u3044\u5408\u308f\u305b\u30d5\u30a9\u30fc\u30e0\u306f\u65e5\u672c\u56fd\u5185\u304b\u3089\u306e\u304a\u554f\u3044\u5408\u308f\u305b\u306e\u307f\u5bfe\u5fdc\u81f4\u3057\u307e\u3059\u3002<br>\u3000\u3000\u3000\u3000\u5ba3\u4f1d\u76ee\u7684\u3001\u5f53\u5e97\u696d\u52d9\u3068\u4e00\u5207\u95a2\u4fc2\u306e\u306a\u3044\u304a\u554f\u3044\u5408\u308f\u305b\u306f\u3054\u9060\u616e\u304f\u3060\u3055\u3044\u3002<br>[Important] This inquiry form only responds to inquiries from within Japan.<br>Please refrain from making promotional inquiries or inquiries that are completely unrelated to our store's business.<\/p>\n\n\n\n<div class=\"wpcf7 no-js\" id=\"wpcf7-f2226-o1\" lang=\"ja\" dir=\"ltr\" data-wpcf7-id=\"2226\">\n<div class=\"screen-reader-response\"><p role=\"status\" aria-live=\"polite\" aria-atomic=\"true\"><\/p> <ul><\/ul><\/div>\n<form action=\"\/index.php?rest_route=%2Fwp%2Fv2%2Fpages%2F2222#wpcf7-f2226-o1\" method=\"post\" class=\"wpcf7-form init\" aria-label=\"\u30b3\u30f3\u30bf\u30af\u30c8\u30d5\u30a9\u30fc\u30e0\" novalidate=\"novalidate\" data-status=\"init\">\n<fieldset class=\"hidden-fields-container\"><input type=\"hidden\" name=\"_wpcf7\" value=\"2226\" \/><input type=\"hidden\" name=\"_wpcf7_version\" value=\"6.1.5\" \/><input type=\"hidden\" name=\"_wpcf7_locale\" value=\"ja\" \/><input type=\"hidden\" name=\"_wpcf7_unit_tag\" value=\"wpcf7-f2226-o1\" \/><input type=\"hidden\" name=\"_wpcf7_container_post\" value=\"0\" \/><input type=\"hidden\" name=\"_wpcf7_posted_data_hash\" value=\"\" \/><input type=\"hidden\" name=\"_wpcf7_recaptcha_response\" value=\"\" \/>\n<\/fieldset>\n<table class=\"CF7_table\">\n\t<tr>\n\t\t<th>\n\t\t\t<p><span class=\"CF7_req\">\u5fc5\u9808<\/span> \u304a\u554f\u3044\u5408\u308f\u305b\u9805\u76ee\n\t\t\t<\/p>\n\t\t<\/th>\n\t\t<td>\n\t\t\t<p><span class=\"wpcf7-form-control-wrap\" data-name=\"checkbox-inq\"><span class=\"wpcf7-form-control wpcf7-checkbox wpcf7-validates-as-required\"><span class=\"wpcf7-list-item first\"><input type=\"checkbox\" name=\"checkbox-inq[]\" value=\"\u30ec\u30fc\u30b7\u30f3\u30b0\u30b5\u30fc\u30d3\u30b9\" \/><span class=\"wpcf7-list-item-label\">\u30ec\u30fc\u30b7\u30f3\u30b0\u30b5\u30fc\u30d3\u30b9<\/span><\/span><span class=\"wpcf7-list-item\"><input type=\"checkbox\" name=\"checkbox-inq[]\" value=\"\u30d8\u30c3\u30c9\u30e9\u30a4\u30c8\u30ea\u30da\u30a2\" \/><span class=\"wpcf7-list-item-label\">\u30d8\u30c3\u30c9\u30e9\u30a4\u30c8\u30ea\u30da\u30a2<\/span><\/span><span class=\"wpcf7-list-item\"><input type=\"checkbox\" name=\"checkbox-inq[]\" value=\"\u30b5\u30fc\u30ed\u30f3\u96fb\u52d5\u30d0\u30a4\u30af\" \/><span class=\"wpcf7-list-item-label\">\u30b5\u30fc\u30ed\u30f3\u96fb\u52d5\u30d0\u30a4\u30af<\/span><\/span><span class=\"wpcf7-list-item\"><input type=\"checkbox\" name=\"checkbox-inq[]\" value=\"\u30e8\u30c4\u30d0\u30e2\u30c8 \u30ad\u30c3\u30ba\u30d0\u30a4\u30af\" \/><span class=\"wpcf7-list-item-label\">\u30e8\u30c4\u30d0\u30e2\u30c8 \u30ad\u30c3\u30ba\u30d0\u30a4\u30af<\/span><\/span><span class=\"wpcf7-list-item\"><input type=\"checkbox\" name=\"checkbox-inq[]\" value=\"\u30aa\u30fc\u30c8\u30d0\u30a4\u30e1\u30f3\u30c6\u30ca\u30f3\u30b9\" \/><span class=\"wpcf7-list-item-label\">\u30aa\u30fc\u30c8\u30d0\u30a4\u30e1\u30f3\u30c6\u30ca\u30f3\u30b9<\/span><\/span><span class=\"wpcf7-list-item last\"><input type=\"checkbox\" name=\"checkbox-inq[]\" value=\"\u305d\u306e\u4ed6\" \/><span class=\"wpcf7-list-item-label\">\u305d\u306e\u4ed6<\/span><\/span><\/span><\/span>\n\t\t\t<\/p>\n\t\t<\/td>\n\t<\/tr>\n\t<tr>\n\t\t<th>\n\t\t\t<p><span class=\"CF7_req\">\u5fc5\u9808<\/span> \u304a\u540d\u524d\n\t\t\t<\/p>\n\t\t<\/th>\n\t\t<td>\n\t\t\t<p><span class=\"wpcf7-form-control-wrap\" data-name=\"your-name\"><input size=\"40\" maxlength=\"400\" class=\"wpcf7-form-control wpcf7-text wpcf7-validates-as-required\" aria-required=\"true\" aria-invalid=\"false\" placeholder=\"\u4f8b\uff1a\u3042\u306a\u305f\u306e\u304a\u540d\u524d\" value=\"\" type=\"text\" name=\"your-name\" \/><\/span>\n\t\t\t<\/p>\n\t\t<\/td>\n\t<\/tr>\n\t<tr>\n\t\t<th>\n\t\t\t<p><span class=\"CF7_req\">\u5fc5\u9808<\/span> \u30e1\u30fc\u30eb\u30a2\u30c9\u30ec\u30b9\n\t\t\t<\/p>\n\t\t<\/th>\n\t\t<td>\n\t\t\t<p><span class=\"wpcf7-form-control-wrap\" data-name=\"your-email\"><input size=\"40\" maxlength=\"400\" class=\"wpcf7-form-control wpcf7-email wpcf7-validates-as-required wpcf7-text wpcf7-validates-as-email\" aria-required=\"true\" aria-invalid=\"false\" placeholder=\"\u4f8b\uff1a\u00d7\u00d7\u00d7@\u00d7\u00d7\u00d7.com\" value=\"\" type=\"email\" name=\"your-email\" \/><\/span>\n\t\t\t<\/p>\n\t\t<\/td>\n\t<\/tr>\n\t<tr>\n\t\t<th>\n\t\t\t<p><span class=\"CF7_unreq\">\u4efb\u610f<\/span>\u4f1a\u793e\u540d\n\t\t\t<\/p>\n\t\t<\/th>\n\t\t<td>\n\t\t\t<p><span class=\"wpcf7-form-control-wrap\" data-name=\"your-company\"><input size=\"40\" maxlength=\"400\" class=\"wpcf7-form-control wpcf7-text\" aria-invalid=\"false\" placeholder=\"\u4f8b\uff1a\u25ef\u25ef\u682a\u5f0f\u4f1a\u793e\" value=\"\" type=\"text\" name=\"your-company\" \/><\/span>\n\t\t\t<\/p>\n\t\t<\/td>\n\t<\/tr>\n\t<tr>\n\t\t<th>\n\t\t\t<p><span class=\"CF7_req\">\u5fc5\u9808<\/span>\u90f5\u4fbf\u756a\u53f7\n\t\t\t<\/p>\n\t\t<\/th>\n\t\t<td>\n\t\t\t<p><span class=\"wpcf7-form-control-wrap\" data-name=\"zip\"><input size=\"40\" maxlength=\"400\" class=\"wpcf7-form-control wpcf7-text wpcf7-validates-as-required\" id=\"zip\" aria-required=\"true\" aria-invalid=\"false\" placeholder=\"\u4f8b\uff1a123-4567\" value=\"\" type=\"text\" name=\"zip\" \/><\/span>\n\t\t\t<\/p>\n\t\t<\/td>\n\t<\/tr>\n\t<tr>\n\t\t<th>\n\t\t\t<p><span class=\"CF7_req\">\u5fc5\u9808<\/span>\u90fd\u9053\u5e9c\u770c\n\t\t\t<\/p>\n\t\t<\/th>\n\t\t<td>\n\t\t\t<p><span class=\"wpcf7-form-control-wrap\" data-name=\"pref\"><input size=\"40\" maxlength=\"400\" class=\"wpcf7-form-control wpcf7-text wpcf7-validates-as-required\" id=\"pref\" aria-required=\"true\" aria-invalid=\"false\" placeholder=\"\u4f8b\uff1a\u6771\u4eac\u90fd\" value=\"\" type=\"text\" name=\"pref\" \/><\/span>\n\t\t\t<\/p>\n\t\t<\/td>\n\t<\/tr>\n\t<tr>\n\t\t<th>\n\t\t\t<p><span class=\"CF7_req\">\u5fc5\u9808<\/span>\u3054\u4f4f\u6240\n\t\t\t<\/p>\n\t\t<\/th>\n\t\t<td class=\"address-100\">\n\t\t\t<p><span class=\"wpcf7-form-control-wrap\" data-name=\"addr\"><input size=\"40\" maxlength=\"400\" class=\"wpcf7-form-control wpcf7-text wpcf7-validates-as-required\" id=\"addr\" aria-required=\"true\" aria-invalid=\"false\" placeholder=\"\u4f8b\uff1a\u4e2d\u592e\u533a\u9280\u5ea7\uff11\uff12\uff13\uff14\uff15\" value=\"\" type=\"text\" name=\"addr\" \/><\/span>\n\t\t\t<\/p>\n\t\t<\/td>\n\t<\/tr>\n\t<tr>\n\t\t<th>\n\t\t\t<p><span class=\"CF7_req\">\u5fc5\u9808<\/span>\u304a\u96fb\u8a71\u756a\u53f7\n\t\t\t<\/p>\n\t\t<\/th>\n\t\t<td>\n\t\t\t<p><span class=\"wpcf7-form-control-wrap\" data-name=\"your-tel\"><input size=\"40\" maxlength=\"400\" class=\"wpcf7-form-control wpcf7-text wpcf7-validates-as-required\" aria-required=\"true\" aria-invalid=\"false\" placeholder=\"\u4f8b\uff1a03-1234-5678\" value=\"\" type=\"text\" name=\"your-tel\" \/><\/span>\n\t\t\t<\/p>\n\t\t<\/td>\n\t<\/tr>\n\t<tr>\n\t\t<th>\n\t\t\t<p><span class=\"CF7_req\">\u5fc5\u9808<\/span>\u304a\u554f\u3044\u5408\u308f\u305b\u5185\u5bb9\n\t\t\t<\/p>\n\t\t<\/th>\n\t\t<td class=\"message-100\">\n\t\t\t<p><span class=\"wpcf7-form-control-wrap\" data-name=\"your-message\"><textarea cols=\"40\" rows=\"10\" maxlength=\"2000\" class=\"wpcf7-form-control wpcf7-textarea wpcf7-validates-as-required\" aria-required=\"true\" aria-invalid=\"false\" placeholder=\"\u304a\u554f\u3044\u5408\u308f\u305b\u5185\u5bb9\u3092\u3054\u8a18\u5165\u304f\u3060\u3055\u3044\" name=\"your-message\"><\/textarea><\/span>\n\t\t\t<\/p>\n\t\t<\/td>\n\t<\/tr>\n<\/table>\n<p class=\"CF7_btn\"><input class=\"wpcf7-form-control wpcf7-submit has-spinner\" type=\"submit\" value=\"\u9001\u4fe1\u3059\u308b\" \/>\n<\/p><p style=\"display: none !important;\" class=\"akismet-fields-container\" data-prefix=\"_wpcf7_ak_\"><label>&#916;<textarea name=\"_wpcf7_ak_hp_textarea\" cols=\"45\" rows=\"8\" maxlength=\"100\"><\/textarea><\/label><input type=\"hidden\" id=\"ak_js_1\" name=\"_wpcf7_ak_js\" value=\"29\"\/><script>document.getElementById( \"ak_js_1\" ).setAttribute( \"value\", ( new Date() ).getTime() );<\/script><\/p><div class=\"wpcf7-response-output\" aria-hidden=\"true\"><\/div>\n<\/form>\n<\/div>\n\n","protected":false},"excerpt":{"rendered":"<p>\u3000\u304a\u554f\u3044\u5408\u308f\u305b\u30e1\u30fc\u30eb\u5230\u7740\u5f8c\u300124\u6642\u9593\u4ee5\u5185\u306e\u56de\u7b54\u3092\u5fc3\u639b\u3051\u3066\u304a\u308a\u307e\u3059\u304c\u3001\u5b9a\u4f11\u65e5\u7b49\u3092\u631f\u3093\u3060\u5834\u5408\u3001\u56de\u7b54\u304c\u9045\u304f\u306a\u308b\u53ef\u80fd\u6027\u304c\u3042\u308b\u4e8b\u3092\u3054\u4e86\u627f\u304f\u3060\u3055\u3044\u3002\u3000\u9001\u4fe1\u5f8c\u3001\u3054\u8a18\u5165\u3044\u305f\u3060\u3044\u305f\u30e1\u30fc\u30eb\u30a2\u30c9\u30ec\u30b9\u306b\u78ba\u8a8d\u30e1\u30fc\u30eb\u304c\u9001\u4fe1\u3055\u308c\u307e\u3059\u306e\u3067\u3001\u66ab\u304f\u7d4c\u3063\u3066\u3082\u2026<\/p>\n","protected":false},"author":1,"featured_media":291,"parent":0,"menu_order":0,"comment_status":"closed","ping_status":"closed","template":"","meta":{"footnotes":""},"class_list":["post-2222","page","type-page","status-publish","has-post-thumbnail","hentry"],"_links":{"self":[{"href":"https:\/\/www.takahashi-rs.com\/index.php?rest_route=\/wp\/v2\/pages\/2222","targetHints":{"allow":["GET"]}}],"collection":[{"href":"https:\/\/www.takahashi-rs.com\/index.php?rest_route=\/wp\/v2\/pages"}],"about":[{"href":"https:\/\/www.takahashi-rs.com\/index.php?rest_route=\/wp\/v2\/types\/page"}],"author":[{"embeddable":true,"href":"https:\/\/www.takahashi-rs.com\/index.php?rest_route=\/wp\/v2\/users\/1"}],"replies":[{"embeddable":true,"href":"https:\/\/www.takahashi-rs.com\/index.php?rest_route=%2Fwp%2Fv2%2Fcomments&post=2222"}],"version-history":[{"count":10,"href":"https:\/\/www.takahashi-rs.com\/index.php?rest_route=\/wp\/v2\/pages\/2222\/revisions"}],"predecessor-version":[{"id":3002,"href":"https:\/\/www.takahashi-rs.com\/index.php?rest_route=\/wp\/v2\/pages\/2222\/revisions\/3002"}],"wp:featuredmedia":[{"embeddable":true,"href":"https:\/\/www.takahashi-rs.com\/index.php?rest_route=\/wp\/v2\/media\/291"}],"wp:attachment":[{"href":"https:\/\/www.takahashi-rs.com\/index.php?rest_route=%2Fwp%2Fv2%2Fmedia&parent=2222"}],"curies":[{"name":"wp","href":"https:\/\/api.w.org\/{rel}","templated":true}]}}